{"id":11613,"date":"2026-04-29T18:00:55","date_gmt":"2026-04-29T18:00:55","guid":{"rendered":"https:\/\/bio-waeberhof.ch\/produit\/black-turtle-bohnen\/"},"modified":"2026-04-29T17:52:47","modified_gmt":"2026-04-29T17:52:47","slug":"black-turtle-bohnen","status":"publish","type":"product","link":"https:\/\/bio-waeberhof.ch\/de\/produit\/black-turtle-bohnen\/","title":{"rendered":"BLACK TURTLE BOHNEN"},"content":{"rendered":"","protected":false},"excerpt":{"rendered":"<p>Die Black Turtle Bohne ist keine kleine Schildkr\u00f6te, sondern eine alte Sorte von H\u00fclsenfr\u00fcchten! Zubereitung: Die Bohnen sorgf\u00e4ltig waschen und 12 Stunden lang einweichen. Das Wasser abgie\u00dfen und die Bohnen gut absp\u00fclen. In ungesalzenem Wasser kochen, da Salz die Haut verh\u00e4rtet und den Garvorgang verlangsamt, ca. 1 Stunde lang (oder 20 Minuten im Dampfkochtopf). Ideal f\u00fcr Chili con Carne, als P\u00fcree, in Salaten oder als \u201ekalte Brotaufstriche\u201d.<br \/>\nTrotz sorgf\u00e4ltiger Sortierung und Verarbeitung kann das Produkt Bruchst\u00fccke von kleinen Steinen enthalten.<\/p>\n","protected":false},"featured_media":7295,"template":"","meta":{"_acf_changed":false},"product_brand":[],"product_cat":[343],"product_tag":[],"class_list":{"0":"post-11613","1":"product","2":"type-product","3":"status-publish","4":"has-post-thumbnail","6":"product_cat-huelsenfruechte","8":"first","9":"instock","10":"purchasable","11":"product-type-simple"},"acf":[],"yoast_head":"<!-- This site is optimized with the Yoast SEO plugin v27.4 - https:\/\/yoast.com\/product\/yoast-seo-wordpress\/ -->\n<title>BLACK TURTLE BOHNEN - Bio W\u00e4berhof \u2013 Ins<\/title>\n<meta name=\"robots\" content=\"index, follow, max-snippet:-1, max-image-preview:large, max-video-preview:-1\" \/>\n<link rel=\"canonical\" href=\"https:\/\/bio-waeberhof.ch\/de\/produit\/black-turtle-bohnen\/\" \/>\n<meta property=\"og:locale\" content=\"de_DE\" \/>\n<meta property=\"og:type\" content=\"article\" \/>\n<meta property=\"og:title\" content=\"BLACK TURTLE BOHNEN - Bio W\u00e4berhof \u2013 Ins\" \/>\n<meta property=\"og:description\" content=\"Die Black Turtle Bohne ist keine kleine Schildkr\u00f6te, sondern eine alte Sorte von H\u00fclsenfr\u00fcchten! Zubereitung: Die Bohnen sorgf\u00e4ltig waschen und 12 Stunden lang einweichen. Das Wasser abgie\u00dfen und die Bohnen gut absp\u00fclen. In ungesalzenem Wasser kochen, da Salz die Haut verh\u00e4rtet und den Garvorgang verlangsamt, ca. 1 Stunde lang (oder 20 Minuten im Dampfkochtopf). Ideal f\u00fcr Chili con Carne, als P\u00fcree, in Salaten oder als \u201ekalte Brotaufstriche\u201d. Trotz sorgf\u00e4ltiger Sortierung und Verarbeitung kann das Produkt Bruchst\u00fccke von kleinen Steinen enthalten.\" \/>\n<meta property=\"og:url\" content=\"https:\/\/bio-waeberhof.ch\/de\/produit\/black-turtle-bohnen\/\" \/>\n<meta property=\"og:site_name\" content=\"Bio W\u00e4berhof \u2013 Ins\" \/>\n<meta property=\"article:publisher\" content=\"https:\/\/www.facebook.com\/people\/Bio-Wberhof\/100072310736032\/\" \/>\n<meta property=\"og:image\" content=\"https:\/\/bio-waeberhof.ch\/wp-content\/uploads\/2026\/01\/HARICOTS-BLACK-TURTLE-400g.jpg\" \/>\n\t<meta property=\"og:image:width\" content=\"800\" \/>\n\t<meta property=\"og:image:height\" content=\"800\" \/>\n\t<meta property=\"og:image:type\" content=\"image\/jpeg\" \/>\n<meta name=\"twitter:card\" content=\"summary_large_image\" \/>\n<script type=\"application\/ld+json\" class=\"yoast-schema-graph\">{\"@context\":\"https:\\\/\\\/schema.org\",\"@graph\":[{\"@type\":\"WebPage\",\"@id\":\"https:\\\/\\\/bio-waeberhof.ch\\\/de\\\/produit\\\/black-turtle-bohnen\\\/\",\"url\":\"https:\\\/\\\/bio-waeberhof.ch\\\/de\\\/produit\\\/black-turtle-bohnen\\\/\",\"name\":\"BLACK TURTLE BOHNEN - Bio W\u00e4berhof \u2013 Ins\",\"isPartOf\":{\"@id\":\"https:\\\/\\\/bio-waeberhof.ch\\\/de\\\/#website\"},\"primaryImageOfPage\":{\"@id\":\"https:\\\/\\\/bio-waeberhof.ch\\\/de\\\/produit\\\/black-turtle-bohnen\\\/#primaryimage\"},\"image\":{\"@id\":\"https:\\\/\\\/bio-waeberhof.ch\\\/de\\\/produit\\\/black-turtle-bohnen\\\/#primaryimage\"},\"thumbnailUrl\":\"https:\\\/\\\/bio-waeberhof.ch\\\/wp-content\\\/uploads\\\/2026\\\/01\\\/HARICOTS-BLACK-TURTLE-400g.jpg\",\"datePublished\":\"2026-04-29T18:00:55+00:00\",\"breadcrumb\":{\"@id\":\"https:\\\/\\\/bio-waeberhof.ch\\\/de\\\/produit\\\/black-turtle-bohnen\\\/#breadcrumb\"},\"inLanguage\":\"de\",\"potentialAction\":[{\"@type\":\"ReadAction\",\"target\":[\"https:\\\/\\\/bio-waeberhof.ch\\\/de\\\/produit\\\/black-turtle-bohnen\\\/\"]}]},{\"@type\":\"ImageObject\",\"inLanguage\":\"de\",\"@id\":\"https:\\\/\\\/bio-waeberhof.ch\\\/de\\\/produit\\\/black-turtle-bohnen\\\/#primaryimage\",\"url\":\"https:\\\/\\\/bio-waeberhof.ch\\\/wp-content\\\/uploads\\\/2026\\\/01\\\/HARICOTS-BLACK-TURTLE-400g.jpg\",\"contentUrl\":\"https:\\\/\\\/bio-waeberhof.ch\\\/wp-content\\\/uploads\\\/2026\\\/01\\\/HARICOTS-BLACK-TURTLE-400g.jpg\",\"width\":800,\"height\":800,\"caption\":\"-\"},{\"@type\":\"BreadcrumbList\",\"@id\":\"https:\\\/\\\/bio-waeberhof.ch\\\/de\\\/produit\\\/black-turtle-bohnen\\\/#breadcrumb\",\"itemListElement\":[{\"@type\":\"ListItem\",\"position\":1,\"name\":\"Accueil\",\"item\":\"https:\\\/\\\/bio-waeberhof.ch\\\/de\\\/\"},{\"@type\":\"ListItem\",\"position\":2,\"name\":\"Webshop\",\"item\":\"https:\\\/\\\/bio-waeberhof.ch\\\/de\\\/webshop\\\/\"},{\"@type\":\"ListItem\",\"position\":3,\"name\":\"BLACK TURTLE BOHNEN\"}]},{\"@type\":\"WebSite\",\"@id\":\"https:\\\/\\\/bio-waeberhof.ch\\\/de\\\/#website\",\"url\":\"https:\\\/\\\/bio-waeberhof.ch\\\/de\\\/\",\"name\":\"Bio W\u00e4berhof \u2013 Ins\",\"description\":\"Des produits bio direct de la ferme\",\"publisher\":{\"@id\":\"https:\\\/\\\/bio-waeberhof.ch\\\/de\\\/#organization\"},\"potentialAction\":[{\"@type\":\"SearchAction\",\"target\":{\"@type\":\"EntryPoint\",\"urlTemplate\":\"https:\\\/\\\/bio-waeberhof.ch\\\/de\\\/?s={search_term_string}\"},\"query-input\":{\"@type\":\"PropertyValueSpecification\",\"valueRequired\":true,\"valueName\":\"search_term_string\"}}],\"inLanguage\":\"de\"},{\"@type\":\"Organization\",\"@id\":\"https:\\\/\\\/bio-waeberhof.ch\\\/de\\\/#organization\",\"name\":\"Bio W\u00e4berhof \u2013 Ins\",\"url\":\"https:\\\/\\\/bio-waeberhof.ch\\\/de\\\/\",\"logo\":{\"@type\":\"ImageObject\",\"inLanguage\":\"de\",\"@id\":\"https:\\\/\\\/bio-waeberhof.ch\\\/de\\\/#\\\/schema\\\/logo\\\/image\\\/\",\"url\":\"https:\\\/\\\/bio-waeberhof.ch\\\/wp-content\\\/uploads\\\/2023\\\/05\\\/logo.png\",\"contentUrl\":\"https:\\\/\\\/bio-waeberhof.ch\\\/wp-content\\\/uploads\\\/2023\\\/05\\\/logo.png\",\"width\":560,\"height\":185,\"caption\":\"Bio W\u00e4berhof \u2013 Ins\"},\"image\":{\"@id\":\"https:\\\/\\\/bio-waeberhof.ch\\\/de\\\/#\\\/schema\\\/logo\\\/image\\\/\"},\"sameAs\":[\"https:\\\/\\\/www.facebook.com\\\/people\\\/Bio-Wberhof\\\/100072310736032\\\/\",\"https:\\\/\\\/www.instagram.com\\\/biowaeberhof\\\/\"]}]}<\/script>\n<!-- \/ Yoast SEO plugin. -->","yoast_head_json":{"title":"BLACK TURTLE BOHNEN - Bio W\u00e4berhof \u2013 Ins","robots":{"index":"index","follow":"follow","max-snippet":"max-snippet:-1","max-image-preview":"max-image-preview:large","max-video-preview":"max-video-preview:-1"},"canonical":"https:\/\/bio-waeberhof.ch\/de\/produit\/black-turtle-bohnen\/","og_locale":"de_DE","og_type":"article","og_title":"BLACK TURTLE BOHNEN - Bio W\u00e4berhof \u2013 Ins","og_description":"Die Black Turtle Bohne ist keine kleine Schildkr\u00f6te, sondern eine alte Sorte von H\u00fclsenfr\u00fcchten! Zubereitung: Die Bohnen sorgf\u00e4ltig waschen und 12 Stunden lang einweichen. Das Wasser abgie\u00dfen und die Bohnen gut absp\u00fclen. In ungesalzenem Wasser kochen, da Salz die Haut verh\u00e4rtet und den Garvorgang verlangsamt, ca. 1 Stunde lang (oder 20 Minuten im Dampfkochtopf). Ideal f\u00fcr Chili con Carne, als P\u00fcree, in Salaten oder als \u201ekalte Brotaufstriche\u201d. Trotz sorgf\u00e4ltiger Sortierung und Verarbeitung kann das Produkt Bruchst\u00fccke von kleinen Steinen enthalten.","og_url":"https:\/\/bio-waeberhof.ch\/de\/produit\/black-turtle-bohnen\/","og_site_name":"Bio W\u00e4berhof \u2013 Ins","article_publisher":"https:\/\/www.facebook.com\/people\/Bio-Wberhof\/100072310736032\/","og_image":[{"width":800,"height":800,"url":"https:\/\/bio-waeberhof.ch\/wp-content\/uploads\/2026\/01\/HARICOTS-BLACK-TURTLE-400g.jpg","type":"image\/jpeg"}],"twitter_card":"summary_large_image","schema":{"@context":"https:\/\/schema.org","@graph":[{"@type":"WebPage","@id":"https:\/\/bio-waeberhof.ch\/de\/produit\/black-turtle-bohnen\/","url":"https:\/\/bio-waeberhof.ch\/de\/produit\/black-turtle-bohnen\/","name":"BLACK TURTLE BOHNEN - Bio W\u00e4berhof \u2013 Ins","isPartOf":{"@id":"https:\/\/bio-waeberhof.ch\/de\/#website"},"primaryImageOfPage":{"@id":"https:\/\/bio-waeberhof.ch\/de\/produit\/black-turtle-bohnen\/#primaryimage"},"image":{"@id":"https:\/\/bio-waeberhof.ch\/de\/produit\/black-turtle-bohnen\/#primaryimage"},"thumbnailUrl":"https:\/\/bio-waeberhof.ch\/wp-content\/uploads\/2026\/01\/HARICOTS-BLACK-TURTLE-400g.jpg","datePublished":"2026-04-29T18:00:55+00:00","breadcrumb":{"@id":"https:\/\/bio-waeberhof.ch\/de\/produit\/black-turtle-bohnen\/#breadcrumb"},"inLanguage":"de","potentialAction":[{"@type":"ReadAction","target":["https:\/\/bio-waeberhof.ch\/de\/produit\/black-turtle-bohnen\/"]}]},{"@type":"ImageObject","inLanguage":"de","@id":"https:\/\/bio-waeberhof.ch\/de\/produit\/black-turtle-bohnen\/#primaryimage","url":"https:\/\/bio-waeberhof.ch\/wp-content\/uploads\/2026\/01\/HARICOTS-BLACK-TURTLE-400g.jpg","contentUrl":"https:\/\/bio-waeberhof.ch\/wp-content\/uploads\/2026\/01\/HARICOTS-BLACK-TURTLE-400g.jpg","width":800,"height":800,"caption":"-"},{"@type":"BreadcrumbList","@id":"https:\/\/bio-waeberhof.ch\/de\/produit\/black-turtle-bohnen\/#breadcrumb","itemListElement":[{"@type":"ListItem","position":1,"name":"Accueil","item":"https:\/\/bio-waeberhof.ch\/de\/"},{"@type":"ListItem","position":2,"name":"Webshop","item":"https:\/\/bio-waeberhof.ch\/de\/webshop\/"},{"@type":"ListItem","position":3,"name":"BLACK TURTLE BOHNEN"}]},{"@type":"WebSite","@id":"https:\/\/bio-waeberhof.ch\/de\/#website","url":"https:\/\/bio-waeberhof.ch\/de\/","name":"Bio W\u00e4berhof \u2013 Ins","description":"Des produits bio direct de la ferme","publisher":{"@id":"https:\/\/bio-waeberhof.ch\/de\/#organization"},"potentialAction":[{"@type":"SearchAction","target":{"@type":"EntryPoint","urlTemplate":"https:\/\/bio-waeberhof.ch\/de\/?s={search_term_string}"},"query-input":{"@type":"PropertyValueSpecification","valueRequired":true,"valueName":"search_term_string"}}],"inLanguage":"de"},{"@type":"Organization","@id":"https:\/\/bio-waeberhof.ch\/de\/#organization","name":"Bio W\u00e4berhof \u2013 Ins","url":"https:\/\/bio-waeberhof.ch\/de\/","logo":{"@type":"ImageObject","inLanguage":"de","@id":"https:\/\/bio-waeberhof.ch\/de\/#\/schema\/logo\/image\/","url":"https:\/\/bio-waeberhof.ch\/wp-content\/uploads\/2023\/05\/logo.png","contentUrl":"https:\/\/bio-waeberhof.ch\/wp-content\/uploads\/2023\/05\/logo.png","width":560,"height":185,"caption":"Bio W\u00e4berhof \u2013 Ins"},"image":{"@id":"https:\/\/bio-waeberhof.ch\/de\/#\/schema\/logo\/image\/"},"sameAs":["https:\/\/www.facebook.com\/people\/Bio-Wberhof\/100072310736032\/","https:\/\/www.instagram.com\/biowaeberhof\/"]}]}},"publishpress_future_workflow_manual_trigger":{"enabledWorkflows":[]},"_links":{"self":[{"href":"https:\/\/bio-waeberhof.ch\/de\/wp-json\/wp\/v2\/product\/11613","targetHints":{"allow":["GET"]}}],"collection":[{"href":"https:\/\/bio-waeberhof.ch\/de\/wp-json\/wp\/v2\/product"}],"about":[{"href":"https:\/\/bio-waeberhof.ch\/de\/wp-json\/wp\/v2\/types\/product"}],"version-history":[{"count":2,"href":"https:\/\/bio-waeberhof.ch\/de\/wp-json\/wp\/v2\/product\/11613\/revisions"}],"predecessor-version":[{"id":12665,"href":"https:\/\/bio-waeberhof.ch\/de\/wp-json\/wp\/v2\/product\/11613\/revisions\/12665"}],"wp:featuredmedia":[{"embeddable":true,"href":"https:\/\/bio-waeberhof.ch\/de\/wp-json\/wp\/v2\/media\/7295"}],"wp:attachment":[{"href":"https:\/\/bio-waeberhof.ch\/de\/wp-json\/wp\/v2\/media?parent=11613"}],"wp:term":[{"taxonomy":"product_brand","embeddable":true,"href":"https:\/\/bio-waeberhof.ch\/de\/wp-json\/wp\/v2\/product_brand?post=11613"},{"taxonomy":"product_cat","embeddable":true,"href":"https:\/\/bio-waeberhof.ch\/de\/wp-json\/wp\/v2\/product_cat?post=11613"},{"taxonomy":"product_tag","embeddable":true,"href":"https:\/\/bio-waeberhof.ch\/de\/wp-json\/wp\/v2\/product_tag?post=11613"}],"curies":[{"name":"wp","href":"https:\/\/api.w.org\/{rel}","templated":true}]}}