{"id":11589,"date":"2026-04-29T18:00:42","date_gmt":"2026-04-29T18:00:42","guid":{"rendered":"https:\/\/bio-waeberhof.ch\/produit\/sonnenblumenoel-ho-0-5-l\/"},"modified":"2026-04-29T17:52:33","modified_gmt":"2026-04-29T17:52:33","slug":"sonnenblumenoel-ho-0-5-l","status":"publish","type":"product","link":"https:\/\/bio-waeberhof.ch\/de\/produit\/sonnenblumenoel-ho-0-5-l\/","title":{"rendered":"SONNENBLUMEN\u00d6L HO 0.5 L"},"content":{"rendered":"","protected":false},"excerpt":{"rendered":"<p>Hier ist ein kaltgepresstes Speise\u00f6l von ausgezeichneter Qualit\u00e4t. Ideal zum Anbraten oder Frittieren von Lebensmitteln, hergestellt aus einer speziell f\u00fcr diesen Zweck angebauten Sorte, der Sonnenblume \u201eHO\u201d (Abk\u00fcrzung f\u00fcr \u201ehigh oleic\u201d, was bedeutet, dass der Gehalt an \u00d6ls\u00e4ure, einer unges\u00e4ttigten Fetts\u00e4ure, hoch ist).<\/p>\n","protected":false},"featured_media":0,"template":"","meta":{"_acf_changed":false},"product_brand":[],"product_cat":[344],"product_tag":[],"class_list":{"0":"post-11589","1":"product","2":"type-product","3":"status-publish","5":"product_cat-oel-und-essig","7":"first","8":"instock","9":"purchasable","10":"product-type-simple"},"acf":[],"yoast_head":"<!-- This site is optimized with the Yoast SEO plugin v27.4 - https:\/\/yoast.com\/product\/yoast-seo-wordpress\/ -->\n<title>SONNENBLUMEN\u00d6L HO 0.5 L - Bio W\u00e4berhof \u2013 Ins<\/title>\n<meta name=\"robots\" content=\"index, follow, max-snippet:-1, max-image-preview:large, max-video-preview:-1\" \/>\n<link rel=\"canonical\" href=\"https:\/\/bio-waeberhof.ch\/de\/produit\/sonnenblumenoel-ho-0-5-l\/\" \/>\n<meta property=\"og:locale\" content=\"de_DE\" \/>\n<meta property=\"og:type\" content=\"article\" \/>\n<meta property=\"og:title\" content=\"SONNENBLUMEN\u00d6L HO 0.5 L - Bio W\u00e4berhof \u2013 Ins\" \/>\n<meta property=\"og:description\" content=\"Hier ist ein kaltgepresstes Speise\u00f6l von ausgezeichneter Qualit\u00e4t. Ideal zum Anbraten oder Frittieren von Lebensmitteln, hergestellt aus einer speziell f\u00fcr diesen Zweck angebauten Sorte, der Sonnenblume \u201eHO\u201d (Abk\u00fcrzung f\u00fcr \u201ehigh oleic\u201d, was bedeutet, dass der Gehalt an \u00d6ls\u00e4ure, einer unges\u00e4ttigten Fetts\u00e4ure, hoch ist).\" \/>\n<meta property=\"og:url\" content=\"https:\/\/bio-waeberhof.ch\/de\/produit\/sonnenblumenoel-ho-0-5-l\/\" \/>\n<meta property=\"og:site_name\" content=\"Bio W\u00e4berhof \u2013 Ins\" \/>\n<meta property=\"article:publisher\" content=\"https:\/\/www.facebook.com\/people\/Bio-Wberhof\/100072310736032\/\" \/>\n<meta property=\"og:image\" content=\"https:\/\/bio-waeberhof.ch\/wp-content\/uploads\/2026\/02\/contact.jpg\" \/>\n\t<meta property=\"og:image:width\" content=\"1600\" \/>\n\t<meta property=\"og:image:height\" content=\"1067\" \/>\n\t<meta property=\"og:image:type\" content=\"image\/jpeg\" \/>\n<meta name=\"twitter:card\" content=\"summary_large_image\" \/>\n<script type=\"application\/ld+json\" class=\"yoast-schema-graph\">{\"@context\":\"https:\\\/\\\/schema.org\",\"@graph\":[{\"@type\":\"WebPage\",\"@id\":\"https:\\\/\\\/bio-waeberhof.ch\\\/de\\\/produit\\\/sonnenblumenoel-ho-0-5-l\\\/\",\"url\":\"https:\\\/\\\/bio-waeberhof.ch\\\/de\\\/produit\\\/sonnenblumenoel-ho-0-5-l\\\/\",\"name\":\"SONNENBLUMEN\u00d6L HO 0.5 L - Bio W\u00e4berhof \u2013 Ins\",\"isPartOf\":{\"@id\":\"https:\\\/\\\/bio-waeberhof.ch\\\/de\\\/#website\"},\"datePublished\":\"2026-04-29T18:00:42+00:00\",\"breadcrumb\":{\"@id\":\"https:\\\/\\\/bio-waeberhof.ch\\\/de\\\/produit\\\/sonnenblumenoel-ho-0-5-l\\\/#breadcrumb\"},\"inLanguage\":\"de\",\"potentialAction\":[{\"@type\":\"ReadAction\",\"target\":[\"https:\\\/\\\/bio-waeberhof.ch\\\/de\\\/produit\\\/sonnenblumenoel-ho-0-5-l\\\/\"]}]},{\"@type\":\"BreadcrumbList\",\"@id\":\"https:\\\/\\\/bio-waeberhof.ch\\\/de\\\/produit\\\/sonnenblumenoel-ho-0-5-l\\\/#breadcrumb\",\"itemListElement\":[{\"@type\":\"ListItem\",\"position\":1,\"name\":\"Accueil\",\"item\":\"https:\\\/\\\/bio-waeberhof.ch\\\/de\\\/\"},{\"@type\":\"ListItem\",\"position\":2,\"name\":\"Webshop\",\"item\":\"https:\\\/\\\/bio-waeberhof.ch\\\/de\\\/webshop\\\/\"},{\"@type\":\"ListItem\",\"position\":3,\"name\":\"SONNENBLUMEN\u00d6L HO 0.5 L\"}]},{\"@type\":\"WebSite\",\"@id\":\"https:\\\/\\\/bio-waeberhof.ch\\\/de\\\/#website\",\"url\":\"https:\\\/\\\/bio-waeberhof.ch\\\/de\\\/\",\"name\":\"Bio W\u00e4berhof \u2013 Ins\",\"description\":\"Des produits bio direct de la ferme\",\"publisher\":{\"@id\":\"https:\\\/\\\/bio-waeberhof.ch\\\/de\\\/#organization\"},\"potentialAction\":[{\"@type\":\"SearchAction\",\"target\":{\"@type\":\"EntryPoint\",\"urlTemplate\":\"https:\\\/\\\/bio-waeberhof.ch\\\/de\\\/?s={search_term_string}\"},\"query-input\":{\"@type\":\"PropertyValueSpecification\",\"valueRequired\":true,\"valueName\":\"search_term_string\"}}],\"inLanguage\":\"de\"},{\"@type\":\"Organization\",\"@id\":\"https:\\\/\\\/bio-waeberhof.ch\\\/de\\\/#organization\",\"name\":\"Bio W\u00e4berhof \u2013 Ins\",\"url\":\"https:\\\/\\\/bio-waeberhof.ch\\\/de\\\/\",\"logo\":{\"@type\":\"ImageObject\",\"inLanguage\":\"de\",\"@id\":\"https:\\\/\\\/bio-waeberhof.ch\\\/de\\\/#\\\/schema\\\/logo\\\/image\\\/\",\"url\":\"https:\\\/\\\/bio-waeberhof.ch\\\/wp-content\\\/uploads\\\/2023\\\/05\\\/logo.png\",\"contentUrl\":\"https:\\\/\\\/bio-waeberhof.ch\\\/wp-content\\\/uploads\\\/2023\\\/05\\\/logo.png\",\"width\":560,\"height\":185,\"caption\":\"Bio W\u00e4berhof \u2013 Ins\"},\"image\":{\"@id\":\"https:\\\/\\\/bio-waeberhof.ch\\\/de\\\/#\\\/schema\\\/logo\\\/image\\\/\"},\"sameAs\":[\"https:\\\/\\\/www.facebook.com\\\/people\\\/Bio-Wberhof\\\/100072310736032\\\/\",\"https:\\\/\\\/www.instagram.com\\\/biowaeberhof\\\/\"]}]}<\/script>\n<!-- \/ Yoast SEO plugin. -->","yoast_head_json":{"title":"SONNENBLUMEN\u00d6L HO 0.5 L - Bio W\u00e4berhof \u2013 Ins","robots":{"index":"index","follow":"follow","max-snippet":"max-snippet:-1","max-image-preview":"max-image-preview:large","max-video-preview":"max-video-preview:-1"},"canonical":"https:\/\/bio-waeberhof.ch\/de\/produit\/sonnenblumenoel-ho-0-5-l\/","og_locale":"de_DE","og_type":"article","og_title":"SONNENBLUMEN\u00d6L HO 0.5 L - Bio W\u00e4berhof \u2013 Ins","og_description":"Hier ist ein kaltgepresstes Speise\u00f6l von ausgezeichneter Qualit\u00e4t. Ideal zum Anbraten oder Frittieren von Lebensmitteln, hergestellt aus einer speziell f\u00fcr diesen Zweck angebauten Sorte, der Sonnenblume \u201eHO\u201d (Abk\u00fcrzung f\u00fcr \u201ehigh oleic\u201d, was bedeutet, dass der Gehalt an \u00d6ls\u00e4ure, einer unges\u00e4ttigten Fetts\u00e4ure, hoch ist).","og_url":"https:\/\/bio-waeberhof.ch\/de\/produit\/sonnenblumenoel-ho-0-5-l\/","og_site_name":"Bio W\u00e4berhof \u2013 Ins","article_publisher":"https:\/\/www.facebook.com\/people\/Bio-Wberhof\/100072310736032\/","og_image":[{"width":1600,"height":1067,"url":"https:\/\/bio-waeberhof.ch\/wp-content\/uploads\/2026\/02\/contact.jpg","type":"image\/jpeg"}],"twitter_card":"summary_large_image","schema":{"@context":"https:\/\/schema.org","@graph":[{"@type":"WebPage","@id":"https:\/\/bio-waeberhof.ch\/de\/produit\/sonnenblumenoel-ho-0-5-l\/","url":"https:\/\/bio-waeberhof.ch\/de\/produit\/sonnenblumenoel-ho-0-5-l\/","name":"SONNENBLUMEN\u00d6L HO 0.5 L - Bio W\u00e4berhof \u2013 Ins","isPartOf":{"@id":"https:\/\/bio-waeberhof.ch\/de\/#website"},"datePublished":"2026-04-29T18:00:42+00:00","breadcrumb":{"@id":"https:\/\/bio-waeberhof.ch\/de\/produit\/sonnenblumenoel-ho-0-5-l\/#breadcrumb"},"inLanguage":"de","potentialAction":[{"@type":"ReadAction","target":["https:\/\/bio-waeberhof.ch\/de\/produit\/sonnenblumenoel-ho-0-5-l\/"]}]},{"@type":"BreadcrumbList","@id":"https:\/\/bio-waeberhof.ch\/de\/produit\/sonnenblumenoel-ho-0-5-l\/#breadcrumb","itemListElement":[{"@type":"ListItem","position":1,"name":"Accueil","item":"https:\/\/bio-waeberhof.ch\/de\/"},{"@type":"ListItem","position":2,"name":"Webshop","item":"https:\/\/bio-waeberhof.ch\/de\/webshop\/"},{"@type":"ListItem","position":3,"name":"SONNENBLUMEN\u00d6L HO 0.5 L"}]},{"@type":"WebSite","@id":"https:\/\/bio-waeberhof.ch\/de\/#website","url":"https:\/\/bio-waeberhof.ch\/de\/","name":"Bio W\u00e4berhof \u2013 Ins","description":"Des produits bio direct de la ferme","publisher":{"@id":"https:\/\/bio-waeberhof.ch\/de\/#organization"},"potentialAction":[{"@type":"SearchAction","target":{"@type":"EntryPoint","urlTemplate":"https:\/\/bio-waeberhof.ch\/de\/?s={search_term_string}"},"query-input":{"@type":"PropertyValueSpecification","valueRequired":true,"valueName":"search_term_string"}}],"inLanguage":"de"},{"@type":"Organization","@id":"https:\/\/bio-waeberhof.ch\/de\/#organization","name":"Bio W\u00e4berhof \u2013 Ins","url":"https:\/\/bio-waeberhof.ch\/de\/","logo":{"@type":"ImageObject","inLanguage":"de","@id":"https:\/\/bio-waeberhof.ch\/de\/#\/schema\/logo\/image\/","url":"https:\/\/bio-waeberhof.ch\/wp-content\/uploads\/2023\/05\/logo.png","contentUrl":"https:\/\/bio-waeberhof.ch\/wp-content\/uploads\/2023\/05\/logo.png","width":560,"height":185,"caption":"Bio W\u00e4berhof \u2013 Ins"},"image":{"@id":"https:\/\/bio-waeberhof.ch\/de\/#\/schema\/logo\/image\/"},"sameAs":["https:\/\/www.facebook.com\/people\/Bio-Wberhof\/100072310736032\/","https:\/\/www.instagram.com\/biowaeberhof\/"]}]}},"publishpress_future_workflow_manual_trigger":{"enabledWorkflows":[]},"_links":{"self":[{"href":"https:\/\/bio-waeberhof.ch\/de\/wp-json\/wp\/v2\/product\/11589","targetHints":{"allow":["GET"]}}],"collection":[{"href":"https:\/\/bio-waeberhof.ch\/de\/wp-json\/wp\/v2\/product"}],"about":[{"href":"https:\/\/bio-waeberhof.ch\/de\/wp-json\/wp\/v2\/types\/product"}],"version-history":[{"count":1,"href":"https:\/\/bio-waeberhof.ch\/de\/wp-json\/wp\/v2\/product\/11589\/revisions"}],"predecessor-version":[{"id":11590,"href":"https:\/\/bio-waeberhof.ch\/de\/wp-json\/wp\/v2\/product\/11589\/revisions\/11590"}],"wp:attachment":[{"href":"https:\/\/bio-waeberhof.ch\/de\/wp-json\/wp\/v2\/media?parent=11589"}],"wp:term":[{"taxonomy":"product_brand","embeddable":true,"href":"https:\/\/bio-waeberhof.ch\/de\/wp-json\/wp\/v2\/product_brand?post=11589"},{"taxonomy":"product_cat","embeddable":true,"href":"https:\/\/bio-waeberhof.ch\/de\/wp-json\/wp\/v2\/product_cat?post=11589"},{"taxonomy":"product_tag","embeddable":true,"href":"https:\/\/bio-waeberhof.ch\/de\/wp-json\/wp\/v2\/product_tag?post=11589"}],"curies":[{"name":"wp","href":"https:\/\/api.w.org\/{rel}","templated":true}]}}